{"id":87,"date":"2014-03-01T03:59:18","date_gmt":"2014-03-01T03:59:18","guid":{"rendered":"http:\/\/demo.themegrill.com\/radiate\/?page_id=87"},"modified":"2019-06-04T16:09:26","modified_gmt":"2019-06-04T14:09:26","slug":"wordpress-gallery","status":"publish","type":"page","link":"https:\/\/bhp-gdynia.pl\/?page_id=87","title":{"rendered":"Kontrole BHP"},"content":{"rendered":"\n<p>Kontrole bhp to kluczowy element dla zapewnienia bezpiecznych warunk\u00f3w pracy. Kontrole mo\u017cemy podzieli\u0107 na:<\/p>\n\n\n\n<ul><li>Przegl\u0105dy wewn\u0119trzne prowadzone przez zak\u0142adow\u0105 s\u0142u\u017cb\u0119 bhp.<\/li><li>Dorywcze prowadzone na zlecenie firmom zewn\u0119trznym.<\/li><li>Okresowe kontrole bhp prowadzone np co tydzie\u0144, miesi\u0105c,  kwarta\u0142.<\/li><li>Audyty wewn\u0119trzne obejmuj\u0105ce nie tylko bezpo\u015brednie zagro\u017cenia na stanowiskach pracy ale r\u00f3wnie\u017c wdra\u017cane procedury, instrukcje oraz ich stosowanie.<\/li><li>Audyty zewn\u0119trzne , najbardziej wiarygodne gdy\u017c prowadzone przez niezale\u017cne jednostki wyspecjalizowane w tego typu dzia\u0142aniach<\/li><\/ul>\n\n\n\n<blockquote class=\"wp-block-quote\"><p>Wa\u017cne: <em>Prowadzone przez nas kontrole zako\u0144czone s\u0105 protoko\u0142em pokontrolnym zawieraj\u0105cym uwagi pokontrolne wraz z podstaw\u0105 prawn\u0105 oraz dokumentacj\u0105 zdj\u0119ciow\u0105 uchybie\u0144 zaniecha\u0144 czy te\u017c narusze\u0144 przepis\u00f3w.  Jako s\u0142u\u017cba bhp jeste\u015bmy funkcj\u0105 opiniodawczo doradcz\u0105 dla pracodawcy.  Wielokrotnie sugerujemy najprostsze rozwi\u0105zania zaistnia\u0142ych problem\u00f3w. <\/em><\/p><\/blockquote>\n\n\n\n<figure class=\"wp-block-image\"><img loading=\"lazy\" width=\"960\" height=\"720\" src=\"https:\/\/bhp-gdynia.pl\/wp-content\/uploads\/2019\/06\/C6657A14-348C-45D2-A382-B1A1EA3487E6.jpeg\" alt=\"\" class=\"wp-image-320\" srcset=\"https:\/\/bhp-gdynia.pl\/wp-content\/uploads\/2019\/06\/C6657A14-348C-45D2-A382-B1A1EA3487E6.jpeg 960w, https:\/\/bhp-gdynia.pl\/wp-content\/uploads\/2019\/06\/C6657A14-348C-45D2-A382-B1A1EA3487E6-300x225.jpeg 300w, https:\/\/bhp-gdynia.pl\/wp-content\/uploads\/2019\/06\/C6657A14-348C-45D2-A382-B1A1EA3487E6-768x576.jpeg 768w\" sizes=\"(max-width: 960px) 100vw, 960px\" \/><\/figure>\n\n\n\n<p><\/p>\n","protected":false},"excerpt":{"rendered":"<p>Kontrole bhp to kluczowy element dla zapewnienia bezpiecznych warunk\u00f3w pracy. Kontrole mo\u017cemy podzieli\u0107 na: Przegl\u0105dy wewn\u0119trzne prowadzone przez zak\u0142adow\u0105 s\u0142u\u017cb\u0119 bhp. Dorywcze prowadzone na zlecenie firmom zewn\u0119trznym. Okresowe kontrole bhp prowadzone np co tydzie\u0144, miesi\u0105c, kwarta\u0142. Audyty wewn\u0119trzne obejmuj\u0105ce nie tylko bezpo\u015brednie zagro\u017cenia na stanowiskach pracy ale r\u00f3wnie\u017c wdra\u017cane procedury, instrukcje oraz ich stosowanie. Audyty [&hellip;]<\/p>\n","protected":false},"author":3,"featured_media":0,"parent":0,"menu_order":0,"comment_status":"closed","ping_status":"open","template":"","meta":[],"_links":{"self":[{"href":"https:\/\/bhp-gdynia.pl\/index.php?rest_route=\/wp\/v2\/pages\/87"}],"collection":[{"href":"https:\/\/bhp-gdynia.pl\/index.php?rest_route=\/wp\/v2\/pages"}],"about":[{"href":"https:\/\/bhp-gdynia.pl\/index.php?rest_route=\/wp\/v2\/types\/page"}],"author":[{"embeddable":true,"href":"https:\/\/bhp-gdynia.pl\/index.php?rest_route=\/wp\/v2\/users\/3"}],"replies":[{"embeddable":true,"href":"https:\/\/bhp-gdynia.pl\/index.php?rest_route=%2Fwp%2Fv2%2Fcomments&post=87"}],"version-history":[{"count":5,"href":"https:\/\/bhp-gdynia.pl\/index.php?rest_route=\/wp\/v2\/pages\/87\/revisions"}],"predecessor-version":[{"id":323,"href":"https:\/\/bhp-gdynia.pl\/index.php?rest_route=\/wp\/v2\/pages\/87\/revisions\/323"}],"wp:attachment":[{"href":"https:\/\/bhp-gdynia.pl\/index.php?rest_route=%2Fwp%2Fv2%2Fmedia&parent=87"}],"curies":[{"name":"wp","href":"https:\/\/api.w.org\/{rel}","templated":true}]}}