{"id":46,"date":"2014-02-17T14:20:33","date_gmt":"2014-02-17T14:20:33","guid":{"rendered":"http:\/\/demo.themegrill.com\/radiate\/?page_id=46"},"modified":"2019-05-25T14:03:39","modified_gmt":"2019-05-25T12:03:39","slug":"free-support","status":"publish","type":"page","link":"https:\/\/bhp-gdynia.pl\/?page_id=46","title":{"rendered":"Ppo\u017c. w zak\u0142adzie pracy"},"content":{"rendered":"<p>Ka\u017cdy zak\u0142ad pracy powinien zatwierdzi\u0107 instrukcj\u0119 bezpiecze\u0144stwa po\u017carowego i zaznajomi\u0107 z ni\u0105 wszystkich pracownik\u00f3w w firmie. W tworzeniu przepis\u00f3w wewn\u0119trznych dotycz\u0105cych bezpiecze\u0144stwa po\u017carowego nale\u017cy opiera\u0107 si\u0119 na zasadach bezpiecze\u0144stwa i higieny pracy.\u00a0Ppo\u017c. w zak\u0142adzie pracy powinien kontrolowa\u0107 inspektor ppo\u017c. Inspektor ochrony przeciwpo\u017carowej\u00a0doradza pracodawcy w sprawach zwi\u0105zanych z przestrzeganiem wymog\u00f3w techniczno-budowlanych, instalacyjnych, a tak\u017ce technologicznych. Na jego barkach spoczywa tak\u017ce doradztwo zwi\u0105zane z wyposa\u017ceniem budynku w sprz\u0119t ppo\u017c. Co <!--more-->wa\u017cne,\u00a0uprawnienia ppo\u017c. inspektora, zobowi\u0105zuj\u0105 go do dokonywania tak\u017ce napraw i konserwacji np. ga\u015bnic, opracowania procedur na wypadek akcji ratowniczej, zapoznania pracownik\u00f3w z przepisami, prowadzenia szkole\u0144 wewn\u0119trznych i kursu ppo\u017c. oraz tym podobnych. Szkolenia przeciwpo\u017carowe\u00a0s\u0105 obowi\u0105zkiem pracodawcy.\u00a0Bhp i ppo\u017c.\u00a0to najwa\u017cniejszy punkt szkoleniowy dla pracownik\u00f3w rozpoczynaj\u0105cych prac\u0119 w nowym zak\u0142adzie pracy. Ka\u017cdy pracodawca oraz w\u0142a\u015bciciel budynku zobowi\u0105zany jest do przestrzegania przepis\u00f3w przeciwpo\u017carowych bhp i tym samym zapewnienia ochrony przeciwpo\u017carowej. Dlatego te\u017c zgodnie z artyku\u0142em 4. ust\u0119p 1. ustawy z dnia 24 sierpnia 1991 roku o ochronie przeciwpo\u017carowej pracodawca\/w\u0142a\u015bciciel budynku musi zapozna\u0107 pracownik\u00f3w z przepisami przeciwpo\u017carowymi, a tak\u017ce ustali\u0107, w jaki spos\u00f3b post\u0119powa\u0107 w przypadku po\u017caru, kl\u0119ski \u017cywio\u0142owej lub innych zagro\u017ce\u0144 wyst\u0119puj\u0105cych miejscowo. Wszyscy pracownicy w\u00a0ramach szkolenia BHP uzyskuj\u0105 podstawowe informacje w\u00a0dziedzinie ochrony przeciwpo\u017carowej.<\/p>\n","protected":false},"excerpt":{"rendered":"<p>Ka\u017cdy zak\u0142ad pracy powinien zatwierdzi\u0107 instrukcj\u0119 bezpiecze\u0144stwa po\u017carowego i zaznajomi\u0107 z ni\u0105 wszystkich pracownik\u00f3w w firmie. W tworzeniu przepis\u00f3w wewn\u0119trznych dotycz\u0105cych bezpiecze\u0144stwa po\u017carowego nale\u017cy opiera\u0107 si\u0119 na zasadach bezpiecze\u0144stwa i higieny pracy. Ppo\u017c. w <\/p>\n","protected":false},"author":3,"featured_media":275,"parent":0,"menu_order":0,"comment_status":"closed","ping_status":"open","template":"","meta":[],"_links":{"self":[{"href":"https:\/\/bhp-gdynia.pl\/index.php?rest_route=\/wp\/v2\/pages\/46"}],"collection":[{"href":"https:\/\/bhp-gdynia.pl\/index.php?rest_route=\/wp\/v2\/pages"}],"about":[{"href":"https:\/\/bhp-gdynia.pl\/index.php?rest_route=\/wp\/v2\/types\/page"}],"author":[{"embeddable":true,"href":"https:\/\/bhp-gdynia.pl\/index.php?rest_route=\/wp\/v2\/users\/3"}],"replies":[{"embeddable":true,"href":"https:\/\/bhp-gdynia.pl\/index.php?rest_route=%2Fwp%2Fv2%2Fcomments&post=46"}],"version-history":[{"count":3,"href":"https:\/\/bhp-gdynia.pl\/index.php?rest_route=\/wp\/v2\/pages\/46\/revisions"}],"predecessor-version":[{"id":277,"href":"https:\/\/bhp-gdynia.pl\/index.php?rest_route=\/wp\/v2\/pages\/46\/revisions\/277"}],"wp:featuredmedia":[{"embeddable":true,"href":"https:\/\/bhp-gdynia.pl\/index.php?rest_route=\/wp\/v2\/media\/275"}],"wp:attachment":[{"href":"https:\/\/bhp-gdynia.pl\/index.php?rest_route=%2Fwp%2Fv2%2Fmedia&parent=46"}],"curies":[{"name":"wp","href":"https:\/\/api.w.org\/{rel}","templated":true}]}}