{"id":44,"date":"2014-02-17T14:19:04","date_gmt":"2014-02-17T14:19:04","guid":{"rendered":"http:\/\/demo.themegrill.com\/radiate\/?page_id=44"},"modified":"2019-05-25T13:49:01","modified_gmt":"2019-05-25T11:49:01","slug":"simple-clean-design","status":"publish","type":"page","link":"https:\/\/bhp-gdynia.pl\/?page_id=44","title":{"rendered":"Opieka zdrowotna"},"content":{"rendered":"<p>Poj\u0119ciem profilaktycznej opieki zdrowotnej okre\u015bla si\u0119 og\u00f3\u0142 dzia\u0142a\u0144 zapobiegaj\u0105cych powstawaniu i szerzeniu si\u0119 niekorzystnych skutk\u00f3w zdrowotnych, kt\u00f3re w spos\u00f3b bezpo\u015bredni lub po\u015bredni maj\u0105 zwi\u0105zek z warunkami albo charakterem pracy. Kwestie zwi\u0105zane z profilaktyczn\u0105 opiek\u0105 zdrowotn\u0105 powinny by\u0107 uwzgl\u0119dniane przez pracodawc\u00f3w w odniesieniu do wszystkich os\u00f3b przyst\u0119puj\u0105cych do wykonywania prac w zak\u0142adzie pracy lub na terenie dzia\u0142ania danego pracodawcy. Zagadnienia te zosta\u0142y uj\u0119te w nowym rozporz\u0105dzeniu w sprawie sprawowania przez <!--more--><\/p>\n<p class=\"ramka-txt\">s\u0142u\u017cb\u0119\u00a0<a id=\"a_akon_nsitsp_3\"><\/a><span id=\"akon_nsitsp_3\">medycyny<\/span> pracy profilaktycznej opieki zdrowotnej nad osobami obj\u0119tymi opiek\u0105 na ich wniosek, kt\u00f3re wesz\u0142o w \u017cycie 25 czerwca 2010 r. Nowe rozporz\u0105dzenie okre\u015bla zakres i tryb wykonywania profilaktycznej opieki zdrowotnej w odniesieniu do:<\/p>\n<p class=\"ramka-txt\">\u25cf os\u00f3b prowadz\u0105cych dzia\u0142alno\u015b\u0107 gospodarcz\u0105 na w\u0142asny rachunek i os\u00f3b z nimi wsp\u00f3\u0142pracuj\u0105cych,<\/p>\n<p class=\"ramka-txt\">\u25cf os\u00f3b wykonuj\u0105cych prac\u0119 na innej podstawie ni\u017c stosunek pracy, z wyj\u0105tkiem os\u00f3b wykonuj\u0105cych prac\u0119 na podstawie umowy o prac\u0119 nak\u0142adcz\u0105,<\/p>\n<p class=\"ramka-txt\">\u25cf rolnik\u00f3w indywidualnych i pracuj\u0105cych z nimi domownik\u00f3w oraz cz\u0142onk\u00f3w sp\u00f3\u0142dzielni produkcji rolnej,<\/p>\n<p class=\"ramka-txt\">\u25cf by\u0142ych pracownik\u00f3w oraz os\u00f3b, kt\u00f3re wykonywa\u0142y prac\u0119 na innej podstawie ni\u017c stosunek pracy, a tak\u017ce os\u00f3b, kt\u00f3re pozostawa\u0142y w stosunku s\u0142u\u017cbowym<\/p>\n<p class=\"ramka-txt\">\u2013 obj\u0119tych opiek\u0105 na ich wniosek.<\/p>\n<p class=\"tresc\">Zgodnie z wymienionym rozporz\u0105dzeniem obj\u0119cie profilaktyczn\u0105 opiek\u0105 zdrowotn\u0105, sprawowan\u0105 przez s\u0142u\u017cb\u0119 medycyny pracy, nast\u0119puje na wniosek osoby zainteresowanej.<\/p>\n<p class=\"tresc\">Wniosek powinien by\u0107 z\u0142o\u017cony w wybranej przez zainteresowan\u0105 osob\u0119 podstawowej jednostce s\u0142u\u017cby medycyny pracy. Takimi jednostkami s\u0105:<\/p>\n<ul>\n<li>zak\u0142ady opieki zdrowotnej tworzone i utrzymywane w celu sprawowania profilaktycznej opieki zdrowotnej nad pracuj\u0105cymi,<\/li>\n<li>jednostki organizacyjne zak\u0142ad\u00f3w opieki zdrowotnej wydzielone w celu realizacji profilaktycznej opieki zdrowotnej nad pracuj\u0105cymi,<\/li>\n<li>lekarze wykonuj\u0105cy indywidualn\u0105 praktyk\u0119 lekarsk\u0105, indywidualn\u0105 specjalistyczn\u0105 praktyk\u0119 lekarsk\u0105 lub wykonuj\u0105cy\u00a0<a id=\"a_akon_nsitsp_4\"><\/a><span id=\"akon_nsitsp_4\">zaw\u00f3d<\/span>\u00a0w formie grupowej praktyki lekarskiej.<\/li>\n<\/ul>\n<p class=\"tresc\">We wniosku, opr\u00f3cz element\u00f3w pozwalaj\u0105cych na pe\u0142n\u0105 identyfikacj\u0119 osoby wnioskodawcy, powinny by\u0107 okre\u015blone:<\/p>\n<ul>\n<li>zakres profilaktycznej opieki zdrowotnej (uzgodniony uprzednio z lekarzem wybranej podstawowej jednostki s\u0142u\u017cby\u00a0<a id=\"a_akon_nsitsp_1\"><\/a><span id=\"akon_nsitsp_1\">medycyny<\/span>\u00a0pracy dzia\u0142aj\u0105cej na obszarze danego wojew\u00f3dztwa, obj\u0119tej wykazem wojew\u00f3dzkiego o\u015brodka medycyny pracy);<\/li>\n<\/ul>\n","protected":false},"excerpt":{"rendered":"<p>Poj\u0119ciem profilaktycznej opieki zdrowotnej okre\u015bla si\u0119 og\u00f3\u0142 dzia\u0142a\u0144 zapobiegaj\u0105cych powstawaniu i szerzeniu si\u0119 niekorzystnych skutk\u00f3w zdrowotnych, kt\u00f3re w spos\u00f3b bezpo\u015bredni lub po\u015bredni maj\u0105 zwi\u0105zek z warunkami albo charakterem pracy. Kwestie zwi\u0105zane z profilaktyczn\u0105 opiek\u0105 zdrowotn\u0105 powinny by\u0107 uwzgl\u0119dniane przez <\/p>\n","protected":false},"author":3,"featured_media":267,"parent":0,"menu_order":0,"comment_status":"closed","ping_status":"open","template":"","meta":[],"_links":{"self":[{"href":"https:\/\/bhp-gdynia.pl\/index.php?rest_route=\/wp\/v2\/pages\/44"}],"collection":[{"href":"https:\/\/bhp-gdynia.pl\/index.php?rest_route=\/wp\/v2\/pages"}],"about":[{"href":"https:\/\/bhp-gdynia.pl\/index.php?rest_route=\/wp\/v2\/types\/page"}],"author":[{"embeddable":true,"href":"https:\/\/bhp-gdynia.pl\/index.php?rest_route=\/wp\/v2\/users\/3"}],"replies":[{"embeddable":true,"href":"https:\/\/bhp-gdynia.pl\/index.php?rest_route=%2Fwp%2Fv2%2Fcomments&post=44"}],"version-history":[{"count":5,"href":"https:\/\/bhp-gdynia.pl\/index.php?rest_route=\/wp\/v2\/pages\/44\/revisions"}],"predecessor-version":[{"id":272,"href":"https:\/\/bhp-gdynia.pl\/index.php?rest_route=\/wp\/v2\/pages\/44\/revisions\/272"}],"wp:featuredmedia":[{"embeddable":true,"href":"https:\/\/bhp-gdynia.pl\/index.php?rest_route=\/wp\/v2\/media\/267"}],"wp:attachment":[{"href":"https:\/\/bhp-gdynia.pl\/index.php?rest_route=%2Fwp%2Fv2%2Fmedia&parent=44"}],"curies":[{"name":"wp","href":"https:\/\/api.w.org\/{rel}","templated":true}]}}