{"id":42,"date":"2014-02-17T14:18:05","date_gmt":"2014-02-17T14:18:05","guid":{"rendered":"http:\/\/demo.themegrill.com\/radiate\/?page_id=42"},"modified":"2019-05-25T20:04:51","modified_gmt":"2019-05-25T18:04:51","slug":"parallax-header","status":"publish","type":"page","link":"https:\/\/bhp-gdynia.pl\/?page_id=42","title":{"rendered":"Szkolenia BHP"},"content":{"rendered":"<h5 class=\"f-description margin-bottom-20\"><i style=\"font-weight: normal;\">Poddawanie pracownik\u00f3w szkoleniom bhp jest obowi\u0105zkowe. Jednak organizacja szkolenia, jego przygotowanie i przeprowadzenie mo\u017ce przysparza\u0107 trudno\u015bci i problem\u00f3w. Pracownicy niezbyt ch\u0119tnie uczestnicz\u0105 w szkoleniach organizowanych przez pracodawc\u0119. Istnieje wiele sposob\u00f3w by szkolenie bhp sta\u0142o si\u0119 atrakcyjne,i nie by\u0142o zwyk\u0142\u0105 nasiad\u00f3wk\u0105 przy okazji kt\u00f3rej mo\u017cna przejrze\u0107 media spo\u0142eczno\u015bciowe czy te\u017c obejrze\u0107 film na YT. W trakcie prowadzenia szkole\u0144 nawi\u0105zujemy\u00a0 kontakt ze wszystkimi uczestnikami szkolenia. Wyk\u0142ady prowadzimy w spos\u00f3b \u0142atwy przyjemny i przejrzysty. W trakcie wyk\u0142ad\u00f3w na bie\u017c\u0105co omawiamy problemy nurtuj\u0105ce pracownik\u00f3w.<\/i><\/h5>\n<h5><span style=\"color: #0000ff;\">Prowadzimy wszystkie rodzaje szkole\u0144:<\/span><\/h5>\n<ul>\n<li>\n<h5><span style=\"color: #0000ff;\">szkolenia wst\u0119pne &#8211; przy przyj\u0119ciu do pracy\u00a0<\/span><\/h5>\n<\/li>\n<li>\n<h5><span style=\"color: #0000ff;\">szkolenia okresowe dla pracownik\u00f3w administracyjno &#8211; biurowych<\/span><\/h5>\n<\/li>\n<li>\n<h5><span style=\"color: #0000ff;\">szkolenia okresowe dla pracownik\u00f3w zatrudnionych na stanowiskach robotniczych<\/span><\/h5>\n<\/li>\n<li>\n<h5><span style=\"color: #0000ff;\">szkolenia dla pracownik\u00f3w in\u017cynieryjno &#8211; technicznych\u00a0<\/span><\/h5>\n<\/li>\n<li>\n<h5><span style=\"color: #0000ff;\">szkolenia dla pracodawc\u00f3w i os\u00f3b kieruj\u0105cych pracownikami<\/span><\/h5>\n<\/li>\n<\/ul>\n<h5><span style=\"color: #0000ff;\">Aby zminimalizowa\u0107 straty czasu pracy, oraz dla komfortu pracownik\u00f3w szkolenia organizowane s\u0105 w siedzibie pracodawcy.\u00a0 Po zako\u0144czonym szkoleniu wystawiamy za\u015bwiadczenie o odbytym przez pracownika szkoleniu, kt\u00f3re pracodawca przechowuje w aktach osobowych.\u00a0<\/span><\/h5>\n<p><img loading=\"lazy\" class=\"alignnone  wp-image-294\" src=\"https:\/\/bhp-gdynia.pl\/wp-content\/uploads\/2019\/05\/x011-300x168.jpg\" alt=\"\" width=\"598\" height=\"335\" srcset=\"https:\/\/bhp-gdynia.pl\/wp-content\/uploads\/2019\/05\/x011-300x168.jpg 300w, https:\/\/bhp-gdynia.pl\/wp-content\/uploads\/2019\/05\/x011.jpg 357w\" sizes=\"(max-width: 598px) 100vw, 598px\" \/><\/p>\n","protected":false},"excerpt":{"rendered":"<p>Poddawanie pracownik\u00f3w szkoleniom bhp jest obowi\u0105zkowe. Jednak ich organizowanie, przygotowanie i przeprowadzenie mo\u017ce przysparza\u0107 trudno\u015bci i problem\u00f3w. Pracownicy niezbyt ch\u0119tnie uczestnicz\u0105 w szkoleniach organizowanych przez pracodawc\u0119. Istnieje wiele sposob\u00f3w by &#8230;<\/p>\n","protected":false},"author":3,"featured_media":253,"parent":0,"menu_order":0,"comment_status":"closed","ping_status":"open","template":"","meta":[],"_links":{"self":[{"href":"https:\/\/bhp-gdynia.pl\/index.php?rest_route=\/wp\/v2\/pages\/42"}],"collection":[{"href":"https:\/\/bhp-gdynia.pl\/index.php?rest_route=\/wp\/v2\/pages"}],"about":[{"href":"https:\/\/bhp-gdynia.pl\/index.php?rest_route=\/wp\/v2\/types\/page"}],"author":[{"embeddable":true,"href":"https:\/\/bhp-gdynia.pl\/index.php?rest_route=\/wp\/v2\/users\/3"}],"replies":[{"embeddable":true,"href":"https:\/\/bhp-gdynia.pl\/index.php?rest_route=%2Fwp%2Fv2%2Fcomments&post=42"}],"version-history":[{"count":7,"href":"https:\/\/bhp-gdynia.pl\/index.php?rest_route=\/wp\/v2\/pages\/42\/revisions"}],"predecessor-version":[{"id":298,"href":"https:\/\/bhp-gdynia.pl\/index.php?rest_route=\/wp\/v2\/pages\/42\/revisions\/298"}],"wp:featuredmedia":[{"embeddable":true,"href":"https:\/\/bhp-gdynia.pl\/index.php?rest_route=\/wp\/v2\/media\/253"}],"wp:attachment":[{"href":"https:\/\/bhp-gdynia.pl\/index.php?rest_route=%2Fwp%2Fv2%2Fmedia&parent=42"}],"curies":[{"name":"wp","href":"https:\/\/api.w.org\/{rel}","templated":true}]}}