{"id":234,"date":"2018-03-22T06:23:52","date_gmt":"2018-03-22T06:23:52","guid":{"rendered":"https:\/\/demo.themegrill.com\/radiate\/?page_id=229"},"modified":"2019-11-19T20:51:29","modified_gmt":"2019-11-19T19:51:29","slug":"contact","status":"publish","type":"page","link":"https:\/\/bhp-gdynia.pl\/?page_id=234","title":{"rendered":"Kontakt"},"content":{"rendered":"<p><span style=\"color: #0000ff;\">Pracujemy od poniedzia\u0142ku do pi\u0105tku w godzinach 8:00 -15:00. <\/span><\/p>\n<p><span style=\"color: #0000ff;\">Zapraszamy do kontaktu e-mail wype\u0142niaj\u0105c poni\u017cszy formularz <\/span><\/p>\n<p><span style=\"color: #0000ff;\">Kontakt telefoniczny<strong> 737 &#8211; 996 &#8211; 998<\/strong><\/span><\/p>\n<p>\u00a0<\/p>\n<div class=\"everest-forms\"><div class=\"evf-container default\" id=\"evf-228\"><form id=\"evf-form-228\" class=\"everest-form\" data-formid=\"228\" data-ajax_submission=\"0\" method=\"post\" enctype=\"multipart\/form-data\" action=\"\/index.php?rest_route=%2Fwp%2Fv2%2Fpages%2F234\"><div class=\"evf-field-container\"><input type=\"hidden\" id=\"_wpnonce\" name=\"_wpnonce\" value=\"510fee44f1\" \/><input type=\"hidden\" name=\"_wp_http_referer\" value=\"\/index.php?rest_route=%2Fwp%2Fv2%2Fpages%2F234\" \/><div class=\"evf-frontend-row\" data-row=\"row_1\"><div class=\"evf-frontend-grid evf-grid-1\" data-grid=\"grid_1\"><div id=\"evf-228-field_name-container\" class=\"evf-field evf-field-text form-row validate-required\" data-required-field-message=\"This field is required.\" data-field-id=\"name\"><label class=\"evf-field-label\" for=\"evf-228-field_name\"><span class=\"evf-label\">Imi\u0119<\/span> <abbr class=\"required\" title=\"Required\">*<\/abbr><\/label><input type=\"text\" id=\"evf-228-field_name\" class=\"input-text\" name=\"everest_forms[form_fields][name]\" required><\/div><div id=\"evf-228-field_email-container\" class=\"evf-field evf-field-email form-row validate-required validate-email\" data-required-field-message=\"Please enter a valid email address.\" data-field-id=\"email\"><label class=\"evf-field-label\" for=\"evf-228-field_email\"><span class=\"evf-label\">Email<\/span> <abbr class=\"required\" title=\"Required\">*<\/abbr><\/label><input type=\"email\" id=\"evf-228-field_email\" class=\"input-text\" name=\"everest_forms[form_fields][email]\" required><\/div><div id=\"evf-228-field_subject-container\" class=\"evf-field evf-field-text form-row validate-required\" data-required-field-message=\"This field is required.\" data-field-id=\"subject\"><label class=\"evf-field-label\" for=\"evf-228-field_subject\"><span class=\"evf-label\">Subject<\/span> <abbr class=\"required\" title=\"Required\">*<\/abbr><\/label><input type=\"text\" id=\"evf-228-field_subject\" class=\"input-text\" name=\"everest_forms[form_fields][subject]\" required><\/div><div id=\"evf-228-field_message-container\" class=\"evf-field evf-field-textarea form-row\" data-field-id=\"message\"><label class=\"evf-field-label\" for=\"evf-228-field_message\"><span class=\"evf-label\">Message<\/span> <\/label><textarea id=\"evf-228-field_message\" class=\"input-text\" name=\"everest_forms[form_fields][message]\" ><\/textarea><\/div><\/div><\/div><\/div><div class=\"evf-honeypot-container evf-field-hp\"><label for=\"evf-228-field-hp\" class=\"evf-field-label\">Message<\/label><input type=\"text\" name=\"everest_forms[hp]\" id=\"evf-228-field-hp\" class=\"input-text\"><\/div><div class=\"evf-recaptcha-container recaptcha-hidden\" ><input type=\"hidden\" name=\"everest_forms[recaptcha]\" value=\"\"><\/div><div class=\"evf-submit-container \" ><input type=\"hidden\" name=\"everest_forms[id]\" value=\"228\"><input type=\"hidden\" name=\"everest_forms[author]\" value=\"3\"><button type='submit' name='everest_forms[submit]' class='everest-forms-submit-button button evf-submit ' id='evf-submit-228' value='evf-submit' data-process-text=\"Processing\u2026\" conditional_rules='\"\"' conditional_id='evf-submit-228' >Wy\u015blij<\/button><\/div><\/form><\/div><!-- .evf-container --><\/div>\n\n\n<p><\/p>\n","protected":false},"excerpt":{"rendered":"<p>Pracujemy od poniedzia\u0142ku do pi\u0105tku w godzinach 8:00 -15:00. Zapraszamy do kontaktu e-mail wype\u0142niaj\u0105c poni\u017cszy formularz Kontakt telefoniczny 737 &#8211; 996 &#8211; 998 \u00a0<\/p>\n","protected":false},"author":3,"featured_media":0,"parent":0,"menu_order":0,"comment_status":"closed","ping_status":"closed","template":"","meta":[],"_links":{"self":[{"href":"https:\/\/bhp-gdynia.pl\/index.php?rest_route=\/wp\/v2\/pages\/234"}],"collection":[{"href":"https:\/\/bhp-gdynia.pl\/index.php?rest_route=\/wp\/v2\/pages"}],"about":[{"href":"https:\/\/bhp-gdynia.pl\/index.php?rest_route=\/wp\/v2\/types\/page"}],"author":[{"embeddable":true,"href":"https:\/\/bhp-gdynia.pl\/index.php?rest_route=\/wp\/v2\/users\/3"}],"replies":[{"embeddable":true,"href":"https:\/\/bhp-gdynia.pl\/index.php?rest_route=%2Fwp%2Fv2%2Fcomments&post=234"}],"version-history":[{"count":8,"href":"https:\/\/bhp-gdynia.pl\/index.php?rest_route=\/wp\/v2\/pages\/234\/revisions"}],"predecessor-version":[{"id":363,"href":"https:\/\/bhp-gdynia.pl\/index.php?rest_route=\/wp\/v2\/pages\/234\/revisions\/363"}],"wp:attachment":[{"href":"https:\/\/bhp-gdynia.pl\/index.php?rest_route=%2Fwp%2Fv2%2Fmedia&parent=234"}],"curies":[{"name":"wp","href":"https:\/\/api.w.org\/{rel}","templated":true}]}}