{"id":230,"date":"2014-02-07T16:29:01","date_gmt":"2014-02-07T16:29:01","guid":{"rendered":"http:\/\/demo.themegrill.com\/radiate\/?page_id=2"},"modified":"2019-05-28T09:24:48","modified_gmt":"2019-05-28T07:24:48","slug":"sample-page","status":"publish","type":"page","link":"https:\/\/bhp-gdynia.pl\/?page_id=230","title":{"rendered":"Ocena Ryzyka Zawodowego"},"content":{"rendered":"<h4><strong>Ryzyko zawodowe. Jednym z\u00a0kluczowych cel\u00f3w prowadzonej przez\u00a0PIP kampanii Ocena ryzyka zawodowego jest zainicjowanie procesu zmiany podej\u015bcia pracodawc\u00f3w (szczeg\u00f3lnie z\u00a0ma\u0142ych przedsi\u0119biorstw) do\u00a0oceny ryzyka \u2013 chodzi o\u00a0jej \u201cdemitologizacj\u0119\u201d, czyli przekonanie pracodawc\u00f3w, \u017ce\u00a0nie\u00a0jest to\u00a0narz\u0119dzie trudne, \u017ce\u00a0prawid\u0142owe przeprowadzenie oceny ryzyka le\u017cy w\u00a0ich interesie \u2026\u2026 \u017ar\u00f3d\u0142o: \u00a0pip.gov.pl<\/strong><\/h4>\n<h4>Co to jest ryzyko zawodowe ?\u00a0\u00a0ryzyko zawodowe<\/h4>\n<p>Pod\u00a0poj\u0119ciem ryzyko zawodowe kryje si\u0119 szereg zagro\u017ce\u0144 oraz\u00a0prawdopodobie\u0144stwo wyst\u0105pienia niepo\u017c\u0105danych zdarze\u0144 podczas wykonywania zwyk\u0142ych czynno\u015bci powierzonych pracownikowi przez\u00a0pracodawc\u0119. \u00a0Zdarzenia te prowadzi\u0107 mog\u0105 do\u00a0powstania wypadku przy pracy lub choroby zawodowej. Obydwa te poj\u0119cia wypadku przy pracy i\u00a0choroby zawodowej s\u0105 niepo\u017c\u0105dane zar\u00f3wno przez\u00a0pracownika jak i\u00a0pracodawc\u0119, dlatego te\u017c zosta\u0142y wprowadzone zapisy w\u00a0Kodeksie Pracy obliguj\u0105ce ka\u017cdego pracodawc\u0119 do\u00a0oceniania, dokumentowania, oraz\u00a0zaznajamiania pracownik\u00f3w z\u00a0ryzykiem zawodowym na\u00a0jego stanowisku pracy.\u00a0Podczas dokonywania oceny ryzyka zawodowego wa\u017cnym elementem jest uwzgl\u0119dnienie wszystkich czynnik\u00f3w \u015brodowiska pracy oraz\u00a0sposob\u00f3w wykonywania tych prac.<\/p>\n<p>2. Obowi\u0105zki pracodawcy wynikaj\u0105ce z\u00a0przepis\u00f3w prawa pracy.\u00a0ryzyko zawodowe<\/p>\n<ul>\n<li>ocena i\u00a0dokumentowanie \u00a0ryzyka zawodowego zwi\u0105zanego z\u00a0wykonywan\u0105<\/li>\n<li>prac\u0105 oraz\u00a0stosowania niezb\u0119dnych \u015brodk\u00f3w profilaktycznych zmniejszaj\u0105cych ryzyko (art. 226 pkt 1);<\/li>\n<li>informowania pracownik\u00f3w o\u00a0ryzyku zawodowym, kt\u00f3re wi\u0105\u017ce si\u0119 z\u00a0wykonywan\u0105 prac\u0105, oraz\u00a0o\u00a0zasadach ochrony przed\u00a0zagro\u017ceniami (art. 226 pkt 2);<\/li>\n<li>konsultowania z\u00a0pracownikami lub przedstawicielami pracownik\u00f3w wszystkich dzia\u0142a\u0144 w\u00a0zakresie bezpiecze\u0144stwa i\u00a0higieny pracy.\u00a0ryzyko zawodowe<\/li>\n<li>informowania pracownik\u00f3w o\u00a0mo\u017cliwych zagro\u017ceniach dla \u017cycia i\u00a0zdrowia na\u00a0stanowisku pracy, oraz\u00a0o\u00a0zasadach post\u0119powania w\u00a0procesach pracy.\u00a0ryzyko zawodowe<\/li>\n<li>w przypadku stwierdzenia wyst\u0105pienia zagro\u017ce\u0144 wa\u017cnym elementem jest opracowanie procesu naprawczego stanu bezpiecze\u0144stwa i higieny pracy w zak\u0142adzie pracy.<\/li>\n<\/ul>\n<p><strong><span style=\"color: #0000ff;\">Specjalizujemy si\u0119 w dokumentowaniu Oceny Ryzyka zawodowego zgodnie\u00a0 z polskimi Normami (PN 18002). Ocena ryzyka przeprowadzona zgodnie z Polskimi Normami zawsze jest akceptowalna przez pa\u0144stwow\u0105 inspekcj\u0119 pracy. Zapraszamy do wsp\u00f3\u0142pracy.<\/span><\/strong><\/p>\n","protected":false},"excerpt":{"rendered":"<p>Ryzyko zawodowe. Jednym z\u00a0kluczowych cel\u00f3w prowadzonej przez\u00a0PIP kampanii Ocena ryzyka zawodowego jest zainicjowanie procesu zmiany podej\u015bcia pracodawc\u00f3w (szczeg\u00f3lnie z\u00a0ma\u0142ych przedsi\u0119biorstw) do\u00a0oceny ryzyka \u2013 chodzi o\u00a0jej \u201cdemitologizacj\u0119\u201d, czyli przekonanie pracodawc\u00f3w, \u017ce\u00a0nie\u00a0jest to\u00a0narz\u0119dzie trudne, \u017ce\u00a0prawid\u0142owe przeprowadzenie oceny ryzyka le\u017cy w\u00a0ich interesie \u2026\u2026 \u017ar\u00f3d\u0142o: \u00a0pip.gov.pl Co to jest ryzyko zawodowe ?\u00a0\u00a0ryzyko zawodowe Pod\u00a0poj\u0119ciem ryzyko zawodowe kryje si\u0119 szereg [&hellip;]<\/p>\n","protected":false},"author":3,"featured_media":0,"parent":0,"menu_order":0,"comment_status":"open","ping_status":"open","template":"","meta":[],"_links":{"self":[{"href":"https:\/\/bhp-gdynia.pl\/index.php?rest_route=\/wp\/v2\/pages\/230"}],"collection":[{"href":"https:\/\/bhp-gdynia.pl\/index.php?rest_route=\/wp\/v2\/pages"}],"about":[{"href":"https:\/\/bhp-gdynia.pl\/index.php?rest_route=\/wp\/v2\/types\/page"}],"author":[{"embeddable":true,"href":"https:\/\/bhp-gdynia.pl\/index.php?rest_route=\/wp\/v2\/users\/3"}],"replies":[{"embeddable":true,"href":"https:\/\/bhp-gdynia.pl\/index.php?rest_route=%2Fwp%2Fv2%2Fcomments&post=230"}],"version-history":[{"count":5,"href":"https:\/\/bhp-gdynia.pl\/index.php?rest_route=\/wp\/v2\/pages\/230\/revisions"}],"predecessor-version":[{"id":316,"href":"https:\/\/bhp-gdynia.pl\/index.php?rest_route=\/wp\/v2\/pages\/230\/revisions\/316"}],"wp:attachment":[{"href":"https:\/\/bhp-gdynia.pl\/index.php?rest_route=%2Fwp%2Fv2%2Fmedia&parent=230"}],"curies":[{"name":"wp","href":"https:\/\/api.w.org\/{rel}","templated":true}]}}